{"id":1192,"date":"2021-03-11T18:59:11","date_gmt":"2021-03-11T17:59:11","guid":{"rendered":"https:\/\/bykowscy.com\/kontakt\/"},"modified":"2021-10-20T13:33:00","modified_gmt":"2021-10-20T11:33:00","slug":"contact","status":"publish","type":"page","link":"https:\/\/bykowscy.com\/en\/contact\/","title":{"rendered":"Contact"},"content":{"rendered":"\t\t<div data-elementor-type=\"wp-page\" data-elementor-id=\"1192\" class=\"elementor elementor-1192 elementor-42\">\n\t\t\t\t\t\t<section class=\"elementor-section elementor-top-section elementor-element elementor-element-0ef4e04 elementor-section-full_width elementor-section-height-default elementor-section-height-default\" data-id=\"0ef4e04\" data-element_type=\"section\" data-settings=\"{&quot;background_background&quot;:&quot;classic&quot;}\">\n\t\t\t\t\t\t\t<div class=\"elementor-background-overlay\"><\/div>\n\t\t\t\t\t\t\t<div class=\"elementor-container elementor-column-gap-default\">\n\t\t\t\t\t<div class=\"elementor-column elementor-col-100 elementor-top-column elementor-element elementor-element-4de57e6\" data-id=\"4de57e6\" data-element_type=\"column\">\n\t\t\t<div class=\"elementor-widget-wrap elementor-element-populated\">\n\t\t\t\t\t\t<div class=\"elementor-element elementor-element-cef86b1 elementor-widget-divider--view-line elementor-widget elementor-widget-divider\" data-id=\"cef86b1\" data-element_type=\"widget\" data-widget_type=\"divider.default\">\n\t\t\t\t<div class=\"elementor-widget-container\">\n\t\t\t\t\t\t\t<div class=\"elementor-divider\">\n\t\t\t<span class=\"elementor-divider-separator\">\n\t\t\t\t\t\t<\/span>\n\t\t<\/div>\n\t\t\t\t\t\t<\/div>\n\t\t\t\t<\/div>\n\t\t\t\t<div class=\"elementor-element elementor-element-648457c elementor-widget elementor-widget-heading\" data-id=\"648457c\" data-element_type=\"widget\" data-widget_type=\"heading.default\">\n\t\t\t\t<div class=\"elementor-widget-container\">\n\t\t\t\t\t<h1 class=\"elementor-heading-title elementor-size-default\">[ENG] zapraszamy do wsp\u00f3\u0142pracy<\/h1>\t\t\t\t<\/div>\n\t\t\t\t<\/div>\n\t\t\t\t<div class=\"elementor-element elementor-element-8586885 elementor-widget elementor-widget-heading\" data-id=\"8586885\" data-element_type=\"widget\" data-widget_type=\"heading.default\">\n\t\t\t\t<div class=\"elementor-widget-container\">\n\t\t\t\t\t<h5 class=\"elementor-heading-title elementor-size-default\">Bykowscy - nadrozy budowlane<\/h5>\t\t\t\t<\/div>\n\t\t\t\t<\/div>\n\t\t\t\t\t<\/div>\n\t\t<\/div>\n\t\t\t\t\t<\/div>\n\t\t<\/section>\n\t\t\t\t<section class=\"elementor-section elementor-top-section elementor-element elementor-element-b31450a elementor-section-boxed elementor-section-height-default elementor-section-height-default\" data-id=\"b31450a\" data-element_type=\"section\">\n\t\t\t\t\t\t<div class=\"elementor-container elementor-column-gap-default\">\n\t\t\t\t\t<div class=\"elementor-column elementor-col-100 elementor-top-column elementor-element elementor-element-201c702\" data-id=\"201c702\" data-element_type=\"column\">\n\t\t\t<div class=\"elementor-widget-wrap elementor-element-populated\">\n\t\t\t\t\t\t<div class=\"elementor-element elementor-element-a0e62a6 elementor-widget elementor-widget-boosted-elements-templated\" data-id=\"a0e62a6\" data-element_type=\"widget\" data-widget_type=\"boosted-elements-templated.default\">\n\t\t\t\t<div class=\"elementor-widget-container\">\n\t\t\t\t\t\n\t<div class=\"boosted-elements-progression-template-container\">\n        \n\t\t\t<style>.elementor-1311 .elementor-element.elementor-element-3285c02{margin-top:70px;margin-bottom:60px;}.elementor-1311 .elementor-element.elementor-element-703eb84 > .elementor-element-populated{padding:10px 35px 10px 10px;}.elementor-1311 .elementor-element.elementor-element-e5a8414{--divider-border-style:solid;--divider-color:var( --e-global-color-primary );--divider-border-width:2px;}.elementor-1311 .elementor-element.elementor-element-e5a8414 > .elementor-widget-container{margin:-10px 0px -7px 0px;}.elementor-1311 .elementor-element.elementor-element-e5a8414 .elementor-divider-separator{width:42px;}.elementor-1311 .elementor-element.elementor-element-e5a8414 .elementor-divider{padding-block-start:10px;padding-block-end:10px;}.elementor-1311 .elementor-element.elementor-element-a696906 > .elementor-widget-container{margin:-8px 0px 0px 0px;}.elementor-1311 .elementor-element.elementor-element-a696906{z-index:1;}.elementor-1311 .elementor-element.elementor-element-a696906 .elementor-heading-title{font-size:14px;text-transform:uppercase;letter-spacing:2px;color:#868686;}.elementor-1311 .elementor-element.elementor-element-281bbed > .elementor-widget-container{margin:-5px 0px 6px 0px;}.elementor-1311 .elementor-element.elementor-element-281bbed .elementor-heading-title{font-size:45px;text-transform:uppercase;line-height:1.2em;}.elementor-1311 .elementor-element.elementor-element-96518ca > .elementor-widget-container{margin:0px 0px 10px 0px;}.elementor-1311 .elementor-element.elementor-element-96518ca{--icon-box-icon-margin:25px;}.elementor-1311 .elementor-element.elementor-element-96518ca .elementor-icon-box-title{margin-bottom:8px;color:#868686;}.elementor-1311 .elementor-element.elementor-element-96518ca.elementor-view-stacked .elementor-icon{background-color:#F0F0F0;fill:#878787;color:#878787;}.elementor-1311 .elementor-element.elementor-element-96518ca.elementor-view-framed .elementor-icon, .elementor-1311 .elementor-element.elementor-element-96518ca.elementor-view-default .elementor-icon{fill:#F0F0F0;color:#F0F0F0;border-color:#F0F0F0;}.elementor-1311 .elementor-element.elementor-element-96518ca.elementor-view-framed .elementor-icon{background-color:#878787;}.elementor-1311 .elementor-element.elementor-element-96518ca .elementor-icon{font-size:20px;padding:20px;border-radius:0px 0px 0px 0px;}.elementor-1311 .elementor-element.elementor-element-96518ca .elementor-icon i{transform:rotate(321deg);}.elementor-1311 .elementor-element.elementor-element-96518ca .elementor-icon-box-title, .elementor-1311 .elementor-element.elementor-element-96518ca .elementor-icon-box-title a{font-family:\"Barlow Condensed\", Sans-serif;font-size:13px;text-transform:uppercase;line-height:1em;letter-spacing:2px;}.elementor-1311 .elementor-element.elementor-element-96518ca .elementor-icon-box-description{font-family:\"Barlow Condensed\", Sans-serif;font-size:22px;font-weight:500;line-height:1.2em;letter-spacing:0.5px;color:#232323;}.elementor-1311 .elementor-element.elementor-element-d69cb95 > .elementor-widget-container{margin:0px 0px 10px 0px;}.elementor-1311 .elementor-element.elementor-element-d69cb95{--icon-box-icon-margin:25px;}.elementor-1311 .elementor-element.elementor-element-d69cb95 .elementor-icon-box-title{margin-bottom:8px;color:#868686;}.elementor-1311 .elementor-element.elementor-element-d69cb95.elementor-view-stacked .elementor-icon{background-color:#F0F0F0;fill:#878787;color:#878787;}.elementor-1311 .elementor-element.elementor-element-d69cb95.elementor-view-framed .elementor-icon, .elementor-1311 .elementor-element.elementor-element-d69cb95.elementor-view-default .elementor-icon{fill:#F0F0F0;color:#F0F0F0;border-color:#F0F0F0;}.elementor-1311 .elementor-element.elementor-element-d69cb95.elementor-view-framed .elementor-icon{background-color:#878787;}.elementor-1311 .elementor-element.elementor-element-d69cb95 .elementor-icon{font-size:20px;padding:20px;border-radius:0px 0px 0px 0px;}.elementor-1311 .elementor-element.elementor-element-d69cb95 .elementor-icon-box-title, .elementor-1311 .elementor-element.elementor-element-d69cb95 .elementor-icon-box-title a{font-family:\"Barlow Condensed\", Sans-serif;font-size:13px;text-transform:uppercase;line-height:1em;letter-spacing:2px;}.elementor-1311 .elementor-element.elementor-element-d69cb95 .elementor-icon-box-description{font-family:\"Barlow Condensed\", Sans-serif;font-size:22px;font-weight:500;line-height:1.2em;letter-spacing:0.5px;color:#232323;}.elementor-1311 .elementor-element.elementor-element-9eac71b > .elementor-widget-container{margin:0px 0px 10px 0px;}.elementor-1311 .elementor-element.elementor-element-9eac71b{--icon-box-icon-margin:25px;}.elementor-1311 .elementor-element.elementor-element-9eac71b .elementor-icon-box-title{margin-bottom:8px;color:#868686;}.elementor-1311 .elementor-element.elementor-element-9eac71b.elementor-view-stacked .elementor-icon{background-color:#F0F0F0;fill:#878787;color:#878787;}.elementor-1311 .elementor-element.elementor-element-9eac71b.elementor-view-framed .elementor-icon, .elementor-1311 .elementor-element.elementor-element-9eac71b.elementor-view-default .elementor-icon{fill:#F0F0F0;color:#F0F0F0;border-color:#F0F0F0;}.elementor-1311 .elementor-element.elementor-element-9eac71b.elementor-view-framed .elementor-icon{background-color:#878787;}.elementor-1311 .elementor-element.elementor-element-9eac71b .elementor-icon{font-size:20px;padding:20px;border-radius:0px 0px 0px 0px;}.elementor-1311 .elementor-element.elementor-element-9eac71b .elementor-icon-box-title, .elementor-1311 .elementor-element.elementor-element-9eac71b .elementor-icon-box-title a{font-family:\"Barlow Condensed\", Sans-serif;font-size:13px;text-transform:uppercase;line-height:1em;letter-spacing:2px;}.elementor-1311 .elementor-element.elementor-element-9eac71b .elementor-icon-box-description{font-family:\"Barlow Condensed\", Sans-serif;font-size:22px;font-weight:500;line-height:1.2em;letter-spacing:0.5px;color:#232323;}.elementor-1311 .elementor-element.elementor-element-7c0d2b3:not(.elementor-motion-effects-element-type-background), .elementor-1311 .elementor-element.elementor-element-7c0d2b3 > .elementor-motion-effects-container > .elementor-motion-effects-layer{background-color:#FFFFFF;}.elementor-1311 .elementor-element.elementor-element-7c0d2b3{box-shadow:0px 0px 55px 0px rgba(0, 0, 0, 0.1);transition:background 0.3s, border 0.3s, border-radius 0.3s, box-shadow 0.3s;padding:65px 55px 65px 55px;}.elementor-1311 .elementor-element.elementor-element-7c0d2b3 > .elementor-background-overlay{transition:background 0.3s, border-radius 0.3s, opacity 0.3s;}.elementor-1311 .elementor-element.elementor-element-cfb7b58 > .elementor-widget-container{margin:0px 0px -25px 0px;}@media(max-width:1024px){.elementor-1311 .elementor-element.elementor-element-703eb84 > .elementor-element-populated{padding:10px 20px 10px 10px;}.elementor-1311 .elementor-element.elementor-element-a696906 .elementor-heading-title{font-size:13px;}.elementor-1311 .elementor-element.elementor-element-281bbed .elementor-heading-title{font-size:33px;}.elementor-1311 .elementor-element.elementor-element-96518ca .elementor-icon-box-title, .elementor-1311 .elementor-element.elementor-element-96518ca .elementor-icon-box-title a{font-size:12px;}.elementor-1311 .elementor-element.elementor-element-96518ca .elementor-icon-box-description{font-size:20px;}.elementor-1311 .elementor-element.elementor-element-d69cb95 .elementor-icon-box-title, .elementor-1311 .elementor-element.elementor-element-d69cb95 .elementor-icon-box-title a{font-size:12px;}.elementor-1311 .elementor-element.elementor-element-d69cb95 .elementor-icon-box-description{font-size:20px;}.elementor-1311 .elementor-element.elementor-element-9eac71b .elementor-icon-box-title, .elementor-1311 .elementor-element.elementor-element-9eac71b .elementor-icon-box-title a{font-size:12px;}.elementor-1311 .elementor-element.elementor-element-9eac71b .elementor-icon-box-description{font-size:20px;}.elementor-1311 .elementor-element.elementor-element-7c0d2b3{padding:60px 30px 60px 30px;}}@media(max-width:767px){.elementor-1311 .elementor-element.elementor-element-3285c02{margin-top:0px;margin-bottom:0px;}.elementor-1311 .elementor-element.elementor-element-703eb84 > .elementor-element-populated{padding:10px 10px 10px 10px;}.elementor-1311 .elementor-element.elementor-element-96518ca > .elementor-widget-container{margin:0px 0px 20px 0px;}.elementor-1311 .elementor-element.elementor-element-96518ca{--icon-box-icon-margin:10px;}.elementor-1311 .elementor-element.elementor-element-d69cb95 > .elementor-widget-container{margin:0px 0px 20px 0px;}.elementor-1311 .elementor-element.elementor-element-d69cb95{--icon-box-icon-margin:10px;}.elementor-1311 .elementor-element.elementor-element-9eac71b > .elementor-widget-container{margin:0px 0px 50px 0px;}.elementor-1311 .elementor-element.elementor-element-9eac71b{--icon-box-icon-margin:10px;}}<\/style>\t\t<div data-elementor-type=\"page\" data-elementor-id=\"1311\" class=\"elementor elementor-1311\">\n\t\t\t\t\t\t<section class=\"elementor-section elementor-top-section elementor-element elementor-element-3285c02 elementor-section-boxed elementor-section-height-default elementor-section-height-default\" data-id=\"3285c02\" data-element_type=\"section\">\n\t\t\t\t\t\t<div class=\"elementor-container elementor-column-gap-default\">\n\t\t\t\t\t<div class=\"elementor-column elementor-col-50 elementor-top-column elementor-element elementor-element-703eb84\" data-id=\"703eb84\" data-element_type=\"column\">\n\t\t\t<div class=\"elementor-widget-wrap elementor-element-populated\">\n\t\t\t\t\t\t<div class=\"elementor-element elementor-element-e5a8414 elementor-widget-divider--view-line elementor-widget elementor-widget-divider\" data-id=\"e5a8414\" data-element_type=\"widget\" data-widget_type=\"divider.default\">\n\t\t\t\t<div class=\"elementor-widget-container\">\n\t\t\t\t\t\t\t<div class=\"elementor-divider\">\n\t\t\t<span class=\"elementor-divider-separator\">\n\t\t\t\t\t\t<\/span>\n\t\t<\/div>\n\t\t\t\t\t\t<\/div>\n\t\t\t\t<\/div>\n\t\t\t\t<div class=\"elementor-element elementor-element-a696906 elementor-widget elementor-widget-heading\" data-id=\"a696906\" data-element_type=\"widget\" data-widget_type=\"heading.default\">\n\t\t\t\t<div class=\"elementor-widget-container\">\n\t\t\t\t\t<h5 class=\"elementor-heading-title elementor-size-default\">Contact Us Now<\/h5>\t\t\t\t<\/div>\n\t\t\t\t<\/div>\n\t\t\t\t<div class=\"elementor-element elementor-element-281bbed elementor-widget elementor-widget-heading\" data-id=\"281bbed\" data-element_type=\"widget\" data-widget_type=\"heading.default\">\n\t\t\t\t<div class=\"elementor-widget-container\">\n\t\t\t\t\t<h2 class=\"elementor-heading-title elementor-size-default\">[ENG] Skontaktuj si\u0119 z nami<\/h2>\t\t\t\t<\/div>\n\t\t\t\t<\/div>\n\t\t\t\t<div class=\"elementor-element elementor-element-eeb94cc elementor-widget elementor-widget-text-editor\" data-id=\"eeb94cc\" data-element_type=\"widget\" data-widget_type=\"text-editor.default\">\n\t\t\t\t<div class=\"elementor-widget-container\">\n\t\t\t\t\t\t\t\t\t<p>Lorem ipsum is sdolor sit amet, conse ctetur adipisicing elit is simply free text not available sed. Quisque aliquam dictum risus posuere tortor, sit amet convallis nunc sceleris is que in. Lorem ipsum dolor sit amet adipiscing elit.<\/p>\t\t\t\t\t\t\t\t<\/div>\n\t\t\t\t<\/div>\n\t\t\t\t<div class=\"elementor-element elementor-element-96518ca elementor-view-stacked elementor-position-left elementor-vertical-align-middle elementor-shape-circle elementor-mobile-position-top elementor-widget elementor-widget-icon-box\" data-id=\"96518ca\" data-element_type=\"widget\" data-widget_type=\"icon-box.default\">\n\t\t\t\t<div class=\"elementor-widget-container\">\n\t\t\t\t\t\t\t<div class=\"elementor-icon-box-wrapper\">\n\n\t\t\t\t\t\t<div class=\"elementor-icon-box-icon\">\n\t\t\t\t<a href=\"tel:+48609295843\" class=\"elementor-icon\" tabindex=\"-1\" aria-label=\"Call Us Now\">\n\t\t\t\t<i aria-hidden=\"true\" class=\"fas fa-phone-volume\"><\/i>\t\t\t\t<\/a>\n\t\t\t<\/div>\n\t\t\t\n\t\t\t\t\t\t<div class=\"elementor-icon-box-content\">\n\n\t\t\t\t\t\t\t\t\t<h1 class=\"elementor-icon-box-title\">\n\t\t\t\t\t\t<a href=\"tel:+48609295843\" >\n\t\t\t\t\t\t\tCall Us Now\t\t\t\t\t\t<\/a>\n\t\t\t\t\t<\/h1>\n\t\t\t\t\n\t\t\t\t\t\t\t\t\t<p class=\"elementor-icon-box-description\">\n\t\t\t\t\t\t<a href=\"tel:+48609295843\" style=\"color:#232323;\">609 295 843<\/a>\t\t\t\t\t<\/p>\n\t\t\t\t\n\t\t\t<\/div>\n\t\t\t\n\t\t<\/div>\n\t\t\t\t\t\t<\/div>\n\t\t\t\t<\/div>\n\t\t\t\t<div class=\"elementor-element elementor-element-d69cb95 elementor-view-stacked elementor-position-left elementor-vertical-align-middle elementor-shape-circle elementor-mobile-position-top elementor-widget elementor-widget-icon-box\" data-id=\"d69cb95\" data-element_type=\"widget\" data-widget_type=\"icon-box.default\">\n\t\t\t\t<div class=\"elementor-widget-container\">\n\t\t\t\t\t\t\t<div class=\"elementor-icon-box-wrapper\">\n\n\t\t\t\t\t\t<div class=\"elementor-icon-box-icon\">\n\t\t\t\t<a href=\"mailto:adam.bykowski@bykowscy.com\" class=\"elementor-icon\" tabindex=\"-1\" aria-label=\"Drop us a line\">\n\t\t\t\t<i aria-hidden=\"true\" class=\"fas fa-envelope-open-text\"><\/i>\t\t\t\t<\/a>\n\t\t\t<\/div>\n\t\t\t\n\t\t\t\t\t\t<div class=\"elementor-icon-box-content\">\n\n\t\t\t\t\t\t\t\t\t<h3 class=\"elementor-icon-box-title\">\n\t\t\t\t\t\t<a href=\"mailto:adam.bykowski@bykowscy.com\" >\n\t\t\t\t\t\t\tDrop us a line\t\t\t\t\t\t<\/a>\n\t\t\t\t\t<\/h3>\n\t\t\t\t\n\t\t\t\t\t\t\t\t\t<p class=\"elementor-icon-box-description\">\n\t\t\t\t\t\t<a href=\"mailto:adam.bykowski@bykowscy.com\" style=\"color:#232323;\">adam.bykowski@bykowscy.com<\/a>\t\t\t\t\t<\/p>\n\t\t\t\t\n\t\t\t<\/div>\n\t\t\t\n\t\t<\/div>\n\t\t\t\t\t\t<\/div>\n\t\t\t\t<\/div>\n\t\t\t\t<div class=\"elementor-element elementor-element-9eac71b elementor-view-stacked elementor-position-left elementor-shape-circle elementor-mobile-position-top elementor-vertical-align-top elementor-widget elementor-widget-icon-box\" data-id=\"9eac71b\" data-element_type=\"widget\" data-widget_type=\"icon-box.default\">\n\t\t\t\t<div class=\"elementor-widget-container\">\n\t\t\t\t\t\t\t<div class=\"elementor-icon-box-wrapper\">\n\n\t\t\t\t\t\t<div class=\"elementor-icon-box-icon\">\n\t\t\t\t<span  class=\"elementor-icon\">\n\t\t\t\t<i aria-hidden=\"true\" class=\"fas fa-map-marker-alt\"><\/i>\t\t\t\t<\/span>\n\t\t\t<\/div>\n\t\t\t\n\t\t\t\t\t\t<div class=\"elementor-icon-box-content\">\n\n\t\t\t\t\t\t\t\t\t<h3 class=\"elementor-icon-box-title\">\n\t\t\t\t\t\t<span  >\n\t\t\t\t\t\t\tour headquarters\t\t\t\t\t\t<\/span>\n\t\t\t\t\t<\/h3>\n\t\t\t\t\n\t\t\t\t\t\t\t\t\t<p class=\"elementor-icon-box-description\">\n\t\t\t\t\t\tul. Kasztanowa 38, 41-506 Chorz\u00f3w<br>\nOffice: ul. Wieniawskiego 18, 41-506 Chorz\u00f3w\t\t\t\t\t<\/p>\n\t\t\t\t\n\t\t\t<\/div>\n\t\t\t\n\t\t<\/div>\n\t\t\t\t\t\t<\/div>\n\t\t\t\t<\/div>\n\t\t\t\t\t<\/div>\n\t\t<\/div>\n\t\t\t\t<div class=\"elementor-column elementor-col-50 elementor-top-column elementor-element elementor-element-7dd7f46\" data-id=\"7dd7f46\" data-element_type=\"column\">\n\t\t\t<div class=\"elementor-widget-wrap elementor-element-populated\">\n\t\t\t\t\t\t<section class=\"elementor-section elementor-inner-section elementor-element elementor-element-7c0d2b3 elementor-section-boxed elementor-section-height-default elementor-section-height-default\" data-id=\"7c0d2b3\" data-element_type=\"section\" data-settings=\"{&quot;background_background&quot;:&quot;classic&quot;}\">\n\t\t\t\t\t\t<div class=\"elementor-container elementor-column-gap-default\">\n\t\t\t\t\t<div class=\"elementor-column elementor-col-100 elementor-inner-column elementor-element elementor-element-77da94e\" data-id=\"77da94e\" data-element_type=\"column\">\n\t\t\t<div class=\"elementor-widget-wrap elementor-element-populated\">\n\t\t\t\t\t\t<div class=\"elementor-element elementor-element-cfb7b58 elementor-widget elementor-widget-boosted-elements-contact-form\" data-id=\"cfb7b58\" data-element_type=\"widget\" data-widget_type=\"boosted-elements-contact-form.default\">\n\t\t\t\t<div class=\"elementor-widget-container\">\n\t\t\t\t\t\t\n\t\n\t\t\t<div class=\"boosted-elements-progression-contact-form-container\">\t\t\n\t\t\t\n<div class=\"wpcf7 no-js\" id=\"wpcf7-f718-o1\" lang=\"en-US\" dir=\"ltr\" data-wpcf7-id=\"718\">\n<div class=\"screen-reader-response\"><p role=\"status\" aria-live=\"polite\" aria-atomic=\"true\"><\/p> <ul><\/ul><\/div>\n<form action=\"\/en\/wp-json\/wp\/v2\/pages\/1192#wpcf7-f718-o1\" method=\"post\" class=\"wpcf7-form init\" aria-label=\"Contact form\" novalidate=\"novalidate\" data-status=\"init\">\n<fieldset class=\"hidden-fields-container\"><input type=\"hidden\" name=\"_wpcf7\" value=\"718\" \/><input type=\"hidden\" name=\"_wpcf7_version\" value=\"6.1.5\" \/><input type=\"hidden\" name=\"_wpcf7_locale\" value=\"en_US\" \/><input type=\"hidden\" name=\"_wpcf7_unit_tag\" value=\"wpcf7-f718-o1\" \/><input type=\"hidden\" name=\"_wpcf7_container_post\" value=\"0\" \/><input type=\"hidden\" name=\"_wpcf7_posted_data_hash\" value=\"\" \/><input type=\"hidden\" name=\"_wpcf7_recaptcha_response\" value=\"\" \/>\n<\/fieldset>\n<div class=\"grid1column-progression\">\n\t<p><label><span class=\"wpcf7-form-control-wrap\" data-name=\"your-name\"><input size=\"40\" maxlength=\"400\" class=\"wpcf7-form-control wpcf7-text wpcf7-validates-as-required\" aria-required=\"true\" aria-invalid=\"false\" placeholder=\"Imi\u0119 i nazwisko\" value=\"\" type=\"text\" name=\"your-name\" \/><\/span><\/label>\n\t<\/p>\n<\/div>\n<div class=\"clearfix-pro\">\n<\/div>\n<div class=\"grid2column-progression\">\n\t<p><label><\/label>\n\t<\/p>\n<\/div>\n<div class=\"grid2column-progression\">\n\t<p><label><span class=\"wpcf7-form-control-wrap\" data-name=\"your-email\"><input size=\"40\" maxlength=\"400\" class=\"wpcf7-form-control wpcf7-email wpcf7-validates-as-required wpcf7-text wpcf7-validates-as-email\" aria-required=\"true\" aria-invalid=\"false\" placeholder=\"Adres Email\" value=\"\" type=\"email\" name=\"your-email\" \/><\/span><\/label>\n\t<\/p>\n<\/div>\n<div class=\"grid2column-progression lastcolumn-progression\">\n\t<p><label><span class=\"wpcf7-form-control-wrap\" data-name=\"your-phone\"><input size=\"40\" maxlength=\"400\" class=\"wpcf7-form-control wpcf7-text\" aria-invalid=\"false\" placeholder=\"Numer Telefonu\" value=\"\" type=\"text\" name=\"your-phone\" \/><\/span><\/label>\n\t<\/p>\n<\/div>\n<div class=\"clearfix-pro\">\n<\/div>\n<p><label><span class=\"wpcf7-form-control-wrap\" data-name=\"your-message\"><textarea cols=\"40\" rows=\"7\" maxlength=\"2000\" class=\"wpcf7-form-control wpcf7-textarea\" aria-invalid=\"false\" placeholder=\"Twoja wiadomo\u015b\u0107\" name=\"your-message\"><\/textarea><\/span><\/label>\n<\/p>\n<span class=\"wpcf7-form-control-wrap recaptcha\" data-name=\"recaptcha\"><span data-sitekey=\"6LduVeUcAAAAAAdCfAwBSShxfN3ebn4K-Km-tcYI\" class=\"wpcf7-form-control wpcf7-recaptcha g-recaptcha\"><\/span>\r\n<noscript>\r\n\t<div class=\"grecaptcha-noscript\">\r\n\t\t<iframe src=\"https:\/\/www.google.com\/recaptcha\/api\/fallback?k=6LduVeUcAAAAAAdCfAwBSShxfN3ebn4K-Km-tcYI\" frameborder=\"0\" scrolling=\"no\" width=\"310\" height=\"430\">\r\n\t\t<\/iframe>\r\n\t\t<textarea name=\"g-recaptcha-response\" rows=\"3\" cols=\"40\" placeholder=\"reCaptcha Response Here\">\r\n\t\t<\/textarea>\r\n\t<\/div>\r\n<\/noscript>\r\n<\/span>\n<p><span class=\"wpcf7-form-control-wrap\" data-name=\"rodo\"><span class=\"wpcf7-form-control wpcf7-acceptance\"><span class=\"wpcf7-list-item\"><label><input type=\"checkbox\" name=\"rodo\" value=\"1\" aria-invalid=\"false\" \/><span class=\"wpcf7-list-item-label\">Wyra\u017cam zgod\u0119 na przetwarzanie przekazanych danych osobowych zgodnie z zasadami opisanymi w Polityce Prywatno\u015bci<\/span><\/label><\/span><\/span><\/span>\n<\/p>\n<p><input class=\"wpcf7-form-control wpcf7-submit has-spinner\" type=\"submit\" value=\"Wy\u015blij wiadomo\u015b\u0107\" \/>\n<\/p><div class=\"wpcf7-response-output\" aria-hidden=\"true\"><\/div>\n<\/form>\n<\/div>\n\t\t<\/div><!-- close .boosted-elements-progression-contact-form-container -->\n\t\t\n\t\t\t\t\t<\/div>\n\t\t\t\t<\/div>\n\t\t\t\t\t<\/div>\n\t\t<\/div>\n\t\t\t\t\t<\/div>\n\t\t<\/section>\n\t\t\t\t\t<\/div>\n\t\t<\/div>\n\t\t\t\t\t<\/div>\n\t\t<\/section>\n\t\t\t\t<\/div>\n\t\t\t\t\t\n\t<\/div><!-- close .boosted-elements-progression-template-container -->\n\t\n\t\n\t\t\t\t\t<\/div>\n\t\t\t\t<\/div>\n\t\t\t\t\t<\/div>\n\t\t<\/div>\n\t\t\t\t\t<\/div>\n\t\t<\/section>\n\t\t\t\t<\/div>\n\t\t","protected":false},"excerpt":{"rendered":"<p>[ENG] zapraszamy do wsp\u00f3\u0142pracy Bykowscy &#8211; nadrozy budowlane Contact Us Now [ENG] Skontaktuj si\u0119 z nami Lorem ipsum is sdolor sit amet, conse ctetur adipisicing elit is simply free text not available sed. Quisque aliquam dictum risus posuere tortor, sit amet convallis nunc sceleris is que in. Lorem ipsum dolor sit amet adipiscing elit. Call [&hellip;]<\/p>\n","protected":false},"author":1,"featured_media":0,"parent":0,"menu_order":0,"comment_status":"closed","ping_status":"closed","template":"","meta":{"_acf_changed":false,"footnotes":""},"class_list":["post-1192","page","type-page","status-publish","hentry"],"acf":[],"_links":{"self":[{"href":"https:\/\/bykowscy.com\/en\/wp-json\/wp\/v2\/pages\/1192","targetHints":{"allow":["GET"]}}],"collection":[{"href":"https:\/\/bykowscy.com\/en\/wp-json\/wp\/v2\/pages"}],"about":[{"href":"https:\/\/bykowscy.com\/en\/wp-json\/wp\/v2\/types\/page"}],"author":[{"embeddable":true,"href":"https:\/\/bykowscy.com\/en\/wp-json\/wp\/v2\/users\/1"}],"replies":[{"embeddable":true,"href":"https:\/\/bykowscy.com\/en\/wp-json\/wp\/v2\/comments?post=1192"}],"version-history":[{"count":7,"href":"https:\/\/bykowscy.com\/en\/wp-json\/wp\/v2\/pages\/1192\/revisions"}],"predecessor-version":[{"id":1318,"href":"https:\/\/bykowscy.com\/en\/wp-json\/wp\/v2\/pages\/1192\/revisions\/1318"}],"wp:attachment":[{"href":"https:\/\/bykowscy.com\/en\/wp-json\/wp\/v2\/media?parent=1192"}],"curies":[{"name":"wp","href":"https:\/\/api.w.org\/{rel}","templated":true}]}}